{"id":694,"date":"2022-04-07T07:28:43","date_gmt":"2022-04-07T07:28:43","guid":{"rendered":"https:\/\/www.ewa.lu\/jobs\/"},"modified":"2024-06-17T08:06:41","modified_gmt":"2024-06-17T08:06:41","slug":"jobs","status":"publish","type":"page","link":"https:\/\/www.ewa.lu\/de\/jobs\/","title":{"rendered":"Jobs"},"content":{"rendered":"<h2>Werde Teil einer gro\u00dfen Familie!<\/h2>\n<p>Wir sind st\u00e4ndig auf der Suche nach kompetenten und dynamischen Mitarbeitern f\u00fcr unsere verschiedenen Abteilungen.<\/p>\n<p>Wir bieten abwechslungsreiche Arbeit bei fairer Entlohnung in einem motivierten Team und in einem famili\u00e4ren Umfeld.<\/p>\n<p>Sie suchen eine neue Herausforderung und\/oder sind daran interessiert, Teil unserer Familie in den Bereichen Rechnungswesen und Personalmanagement zu werden, dann z\u00f6gern Sie nicht uns Ihre Bewerbung (Lebenslauf und Anschreiben) \u00fcber unser untenstehendes Formular zuzusenden.<\/p>\n<p>&nbsp;<\/p>\n","protected":false},"excerpt":{"rendered":"<p>Werde Teil einer gro\u00dfen Familie! Wir sind st\u00e4ndig auf der Suche nach kompetenten und dynamischen Mitarbeitern f\u00fcr unsere verschiedenen Abteilungen. Wir bieten abwechslungsreiche Arbeit bei fairer Entlohnung in einem motivierten Team und in einem famili\u00e4ren Umfeld. Sie suchen eine neue Herausforderung und\/oder sind daran interessiert, Teil unserer Familie in den Bereichen Rechnungswesen und Personalmanagement zu [&hellip;]<\/p>\n","protected":false},"author":1,"featured_media":0,"parent":0,"menu_order":44,"comment_status":"closed","ping_status":"closed","template":"page-jobs.php","meta":{"_acf_changed":false,"footnotes":""},"acf":[],"yoast_head":"<!-- This site is optimized with the Yoast SEO plugin v22.7 - https:\/\/yoast.com\/wordpress\/plugins\/seo\/ -->\n<title>Jobs - ewa<\/title>\n<meta name=\"robots\" content=\"index, follow, max-snippet:-1, max-image-preview:large, max-video-preview:-1\" \/>\n<link rel=\"canonical\" href=\"https:\/\/www.ewa.lu\/de\/jobs\/\" \/>\n<meta property=\"og:locale\" content=\"de_DE\" \/>\n<meta property=\"og:type\" content=\"article\" \/>\n<meta property=\"og:title\" content=\"Jobs - ewa\" \/>\n<meta property=\"og:description\" content=\"Werde Teil einer gro\u00dfen Familie! Wir sind st\u00e4ndig auf der Suche nach kompetenten und dynamischen Mitarbeitern f\u00fcr unsere verschiedenen Abteilungen. Wir bieten abwechslungsreiche Arbeit bei fairer Entlohnung in einem motivierten Team und in einem famili\u00e4ren Umfeld. Sie suchen eine neue Herausforderung und\/oder sind daran interessiert, Teil unserer Familie in den Bereichen Rechnungswesen und Personalmanagement zu [&hellip;]\" \/>\n<meta property=\"og:url\" content=\"https:\/\/www.ewa.lu\/de\/jobs\/\" \/>\n<meta property=\"og:site_name\" content=\"ewa\" \/>\n<meta property=\"article:publisher\" content=\"https:\/\/www.facebook.com\/EWA-Fiduciaire-SA-108851964673834\" \/>\n<meta property=\"article:modified_time\" content=\"2024-06-17T08:06:41+00:00\" \/>\n<meta name=\"twitter:card\" content=\"summary_large_image\" \/>\n<meta name=\"twitter:label1\" content=\"Gesch\u00e4tzte Lesezeit\" \/>\n\t<meta name=\"twitter:data1\" content=\"1\u00a0Minute\" \/>\n<script type=\"application\/ld+json\" class=\"yoast-schema-graph\">{\"@context\":\"https:\/\/schema.org\",\"@graph\":[{\"@type\":\"WebPage\",\"@id\":\"https:\/\/www.ewa.lu\/de\/jobs\/\",\"url\":\"https:\/\/www.ewa.lu\/de\/jobs\/\",\"name\":\"Jobs - ewa\",\"isPartOf\":{\"@id\":\"https:\/\/www.ewa.lu\/#website\"},\"datePublished\":\"2022-04-07T07:28:43+00:00\",\"dateModified\":\"2024-06-17T08:06:41+00:00\",\"breadcrumb\":{\"@id\":\"https:\/\/www.ewa.lu\/de\/jobs\/#breadcrumb\"},\"inLanguage\":\"de\",\"potentialAction\":[{\"@type\":\"ReadAction\",\"target\":[\"https:\/\/www.ewa.lu\/de\/jobs\/\"]}]},{\"@type\":\"BreadcrumbList\",\"@id\":\"https:\/\/www.ewa.lu\/de\/jobs\/#breadcrumb\",\"itemListElement\":[{\"@type\":\"ListItem\",\"position\":1,\"name\":\"Home\",\"item\":\"https:\/\/www.ewa.lu\/de\/\"},{\"@type\":\"ListItem\",\"position\":2,\"name\":\"Jobs\"}]},{\"@type\":\"WebSite\",\"@id\":\"https:\/\/www.ewa.lu\/#website\",\"url\":\"https:\/\/www.ewa.lu\/\",\"name\":\"ewa\",\"description\":\"\u00c4r Br\u00e9ck fir d\u2019Zukunft!\",\"publisher\":{\"@id\":\"https:\/\/www.ewa.lu\/#organization\"},\"alternateName\":\"Fiduciaire ewa\",\"potentialAction\":[{\"@type\":\"SearchAction\",\"target\":{\"@type\":\"EntryPoint\",\"urlTemplate\":\"https:\/\/www.ewa.lu\/?s={search_term_string}\"},\"query-input\":\"required name=search_term_string\"}],\"inLanguage\":\"de\"},{\"@type\":\"Organization\",\"@id\":\"https:\/\/www.ewa.lu\/#organization\",\"name\":\"ewa\",\"alternateName\":\"Fiduciaire EWA\",\"url\":\"https:\/\/www.ewa.lu\/\",\"logo\":{\"@type\":\"ImageObject\",\"inLanguage\":\"de\",\"@id\":\"https:\/\/www.ewa.lu\/#\/schema\/logo\/image\/\",\"url\":\"https:\/\/www.ewa.lu\/wp-content\/uploads\/2022\/11\/EWA-Logo.jpg\",\"contentUrl\":\"https:\/\/www.ewa.lu\/wp-content\/uploads\/2022\/11\/EWA-Logo.jpg\",\"width\":756,\"height\":756,\"caption\":\"ewa\"},\"image\":{\"@id\":\"https:\/\/www.ewa.lu\/#\/schema\/logo\/image\/\"},\"sameAs\":[\"https:\/\/www.facebook.com\/EWA-Fiduciaire-SA-108851964673834\",\"https:\/\/www.instagram.com\/ewa_ettelbreck_diekirch\/\"]}]}<\/script>\n<!-- \/ Yoast SEO plugin. -->","yoast_head_json":{"title":"Jobs - ewa","robots":{"index":"index","follow":"follow","max-snippet":"max-snippet:-1","max-image-preview":"max-image-preview:large","max-video-preview":"max-video-preview:-1"},"canonical":"https:\/\/www.ewa.lu\/de\/jobs\/","og_locale":"de_DE","og_type":"article","og_title":"Jobs - ewa","og_description":"Werde Teil einer gro\u00dfen Familie! Wir sind st\u00e4ndig auf der Suche nach kompetenten und dynamischen Mitarbeitern f\u00fcr unsere verschiedenen Abteilungen. Wir bieten abwechslungsreiche Arbeit bei fairer Entlohnung in einem motivierten Team und in einem famili\u00e4ren Umfeld. Sie suchen eine neue Herausforderung und\/oder sind daran interessiert, Teil unserer Familie in den Bereichen Rechnungswesen und Personalmanagement zu [&hellip;]","og_url":"https:\/\/www.ewa.lu\/de\/jobs\/","og_site_name":"ewa","article_publisher":"https:\/\/www.facebook.com\/EWA-Fiduciaire-SA-108851964673834","article_modified_time":"2024-06-17T08:06:41+00:00","twitter_card":"summary_large_image","twitter_misc":{"Gesch\u00e4tzte Lesezeit":"1\u00a0Minute"},"schema":{"@context":"https:\/\/schema.org","@graph":[{"@type":"WebPage","@id":"https:\/\/www.ewa.lu\/de\/jobs\/","url":"https:\/\/www.ewa.lu\/de\/jobs\/","name":"Jobs - ewa","isPartOf":{"@id":"https:\/\/www.ewa.lu\/#website"},"datePublished":"2022-04-07T07:28:43+00:00","dateModified":"2024-06-17T08:06:41+00:00","breadcrumb":{"@id":"https:\/\/www.ewa.lu\/de\/jobs\/#breadcrumb"},"inLanguage":"de","potentialAction":[{"@type":"ReadAction","target":["https:\/\/www.ewa.lu\/de\/jobs\/"]}]},{"@type":"BreadcrumbList","@id":"https:\/\/www.ewa.lu\/de\/jobs\/#breadcrumb","itemListElement":[{"@type":"ListItem","position":1,"name":"Home","item":"https:\/\/www.ewa.lu\/de\/"},{"@type":"ListItem","position":2,"name":"Jobs"}]},{"@type":"WebSite","@id":"https:\/\/www.ewa.lu\/#website","url":"https:\/\/www.ewa.lu\/","name":"ewa","description":"\u00c4r Br\u00e9ck fir d\u2019Zukunft!","publisher":{"@id":"https:\/\/www.ewa.lu\/#organization"},"alternateName":"Fiduciaire ewa","potentialAction":[{"@type":"SearchAction","target":{"@type":"EntryPoint","urlTemplate":"https:\/\/www.ewa.lu\/?s={search_term_string}"},"query-input":"required name=search_term_string"}],"inLanguage":"de"},{"@type":"Organization","@id":"https:\/\/www.ewa.lu\/#organization","name":"ewa","alternateName":"Fiduciaire EWA","url":"https:\/\/www.ewa.lu\/","logo":{"@type":"ImageObject","inLanguage":"de","@id":"https:\/\/www.ewa.lu\/#\/schema\/logo\/image\/","url":"https:\/\/www.ewa.lu\/wp-content\/uploads\/2022\/11\/EWA-Logo.jpg","contentUrl":"https:\/\/www.ewa.lu\/wp-content\/uploads\/2022\/11\/EWA-Logo.jpg","width":756,"height":756,"caption":"ewa"},"image":{"@id":"https:\/\/www.ewa.lu\/#\/schema\/logo\/image\/"},"sameAs":["https:\/\/www.facebook.com\/EWA-Fiduciaire-SA-108851964673834","https:\/\/www.instagram.com\/ewa_ettelbreck_diekirch\/"]}]}},"_links":{"self":[{"href":"https:\/\/www.ewa.lu\/de\/wp-json\/wp\/v2\/pages\/694"}],"collection":[{"href":"https:\/\/www.ewa.lu\/de\/wp-json\/wp\/v2\/pages"}],"about":[{"href":"https:\/\/www.ewa.lu\/de\/wp-json\/wp\/v2\/types\/page"}],"author":[{"embeddable":true,"href":"https:\/\/www.ewa.lu\/de\/wp-json\/wp\/v2\/users\/1"}],"replies":[{"embeddable":true,"href":"https:\/\/www.ewa.lu\/de\/wp-json\/wp\/v2\/comments?post=694"}],"version-history":[{"count":14,"href":"https:\/\/www.ewa.lu\/de\/wp-json\/wp\/v2\/pages\/694\/revisions"}],"predecessor-version":[{"id":5166,"href":"https:\/\/www.ewa.lu\/de\/wp-json\/wp\/v2\/pages\/694\/revisions\/5166"}],"wp:attachment":[{"href":"https:\/\/www.ewa.lu\/de\/wp-json\/wp\/v2\/media?parent=694"}],"curies":[{"name":"wp","href":"https:\/\/api.w.org\/{rel}","templated":true}]}}