{"id":722,"date":"2021-06-07T12:27:17","date_gmt":"2021-06-07T12:27:17","guid":{"rendered":"https:\/\/www.ewa.lu\/accueil\/"},"modified":"2026-01-13T09:51:06","modified_gmt":"2026-01-13T09:51:06","slug":"accueil","status":"publish","type":"page","link":"https:\/\/www.ewa.lu\/de\/","title":{"rendered":"Startseite"},"content":{"rendered":"","protected":false},"excerpt":{"rendered":"","protected":false},"author":1,"featured_media":0,"parent":0,"menu_order":13,"comment_status":"closed","ping_status":"closed","template":"","meta":{"_acf_changed":false,"footnotes":""},"acf":[],"yoast_head":"<!-- This site is optimized with the Yoast SEO plugin v22.7 - https:\/\/yoast.com\/wordpress\/plugins\/seo\/ -->\n<title>Startseite - ewa<\/title>\n<meta name=\"description\" content=\"EWA geh\u00f6rt zu den gr\u00f6\u00dften Steuer- und Wirtschaftsberatern im Norden: seit 20 Jahren Expertise in Buchhaltung, Steuerberatung, Personalwesen und Projekten.\" \/>\n<meta name=\"robots\" content=\"index, follow, max-snippet:-1, max-image-preview:large, max-video-preview:-1\" \/>\n<link rel=\"canonical\" href=\"https:\/\/www.ewa.lu\/de\/\" \/>\n<meta property=\"og:locale\" content=\"de_DE\" \/>\n<meta property=\"og:type\" content=\"article\" \/>\n<meta property=\"og:title\" content=\"Willkommen\" \/>\n<meta property=\"og:description\" content=\"EWA hei\u00dft Sie willkommen und unterst\u00fctzt Sie bei der Durchf\u00fchrung Ihrer Gesch\u00e4ftsvorhaben\" \/>\n<meta property=\"og:url\" content=\"https:\/\/www.ewa.lu\/de\/\" \/>\n<meta property=\"og:site_name\" content=\"ewa\" \/>\n<meta property=\"article:publisher\" content=\"https:\/\/www.facebook.com\/EWA-Fiduciaire-SA-108851964673834\" \/>\n<meta property=\"article:modified_time\" content=\"2026-01-13T09:51:06+00:00\" \/>\n<meta property=\"og:image\" content=\"https:\/\/www.ewa.lu\/wp-content\/uploads\/2025\/09\/OGT_accueil_1200x630.jpg\" \/>\n\t<meta property=\"og:image:width\" content=\"1200\" \/>\n\t<meta property=\"og:image:height\" content=\"630\" \/>\n\t<meta property=\"og:image:type\" content=\"image\/jpeg\" \/>\n<meta name=\"twitter:card\" content=\"summary_large_image\" \/>\n<meta name=\"twitter:title\" content=\"Willkommen\" \/>\n<meta name=\"twitter:description\" content=\"EWA hei\u00dft Sie willkommen und unterst\u00fctzt Sie bei der Durchf\u00fchrung Ihrer Gesch\u00e4ftsvorhaben\" \/>\n<meta name=\"twitter:image\" content=\"https:\/\/www.ewa.lu\/wp-content\/uploads\/2025\/09\/OGT_accueil_1200x630.jpg\" \/>\n<script type=\"application\/ld+json\" class=\"yoast-schema-graph\">{\"@context\":\"https:\/\/schema.org\",\"@graph\":[{\"@type\":\"WebPage\",\"@id\":\"https:\/\/www.ewa.lu\/de\/\",\"url\":\"https:\/\/www.ewa.lu\/de\/\",\"name\":\"Startseite - ewa\",\"isPartOf\":{\"@id\":\"https:\/\/www.ewa.lu\/#website\"},\"datePublished\":\"2021-06-07T12:27:17+00:00\",\"dateModified\":\"2026-01-13T09:51:06+00:00\",\"description\":\"EWA geh\u00f6rt zu den gr\u00f6\u00dften Steuer- und Wirtschaftsberatern im Norden: seit 20 Jahren Expertise in Buchhaltung, Steuerberatung, Personalwesen und Projekten.\",\"breadcrumb\":{\"@id\":\"https:\/\/www.ewa.lu\/de\/#breadcrumb\"},\"inLanguage\":\"de\",\"potentialAction\":[{\"@type\":\"ReadAction\",\"target\":[\"https:\/\/www.ewa.lu\/de\/\"]}]},{\"@type\":\"BreadcrumbList\",\"@id\":\"https:\/\/www.ewa.lu\/de\/#breadcrumb\",\"itemListElement\":[{\"@type\":\"ListItem\",\"position\":1,\"name\":\"Home\",\"item\":\"https:\/\/www.ewa.lu\/de\/\"},{\"@type\":\"ListItem\",\"position\":2,\"name\":\"Startseite\"}]},{\"@type\":\"WebSite\",\"@id\":\"https:\/\/www.ewa.lu\/#website\",\"url\":\"https:\/\/www.ewa.lu\/\",\"name\":\"ewa\",\"description\":\"\u00c4r Br\u00e9ck fir d\u2019Zukunft!\",\"publisher\":{\"@id\":\"https:\/\/www.ewa.lu\/#organization\"},\"alternateName\":\"Fiduciaire ewa\",\"potentialAction\":[{\"@type\":\"SearchAction\",\"target\":{\"@type\":\"EntryPoint\",\"urlTemplate\":\"https:\/\/www.ewa.lu\/?s={search_term_string}\"},\"query-input\":\"required name=search_term_string\"}],\"inLanguage\":\"de\"},{\"@type\":\"Organization\",\"@id\":\"https:\/\/www.ewa.lu\/#organization\",\"name\":\"ewa\",\"alternateName\":\"Fiduciaire EWA\",\"url\":\"https:\/\/www.ewa.lu\/\",\"logo\":{\"@type\":\"ImageObject\",\"inLanguage\":\"de\",\"@id\":\"https:\/\/www.ewa.lu\/#\/schema\/logo\/image\/\",\"url\":\"https:\/\/www.ewa.lu\/wp-content\/uploads\/2022\/11\/EWA-Logo.jpg\",\"contentUrl\":\"https:\/\/www.ewa.lu\/wp-content\/uploads\/2022\/11\/EWA-Logo.jpg\",\"width\":756,\"height\":756,\"caption\":\"ewa\"},\"image\":{\"@id\":\"https:\/\/www.ewa.lu\/#\/schema\/logo\/image\/\"},\"sameAs\":[\"https:\/\/www.facebook.com\/EWA-Fiduciaire-SA-108851964673834\",\"https:\/\/www.instagram.com\/ewa_ettelbreck_diekirch\/\"]}]}<\/script>\n<!-- \/ Yoast SEO plugin. -->","yoast_head_json":{"title":"Startseite - ewa","description":"EWA geh\u00f6rt zu den gr\u00f6\u00dften Steuer- und Wirtschaftsberatern im Norden: seit 20 Jahren Expertise in Buchhaltung, Steuerberatung, Personalwesen und Projekten.","robots":{"index":"index","follow":"follow","max-snippet":"max-snippet:-1","max-image-preview":"max-image-preview:large","max-video-preview":"max-video-preview:-1"},"canonical":"https:\/\/www.ewa.lu\/de\/","og_locale":"de_DE","og_type":"article","og_title":"Willkommen","og_description":"EWA hei\u00dft Sie willkommen und unterst\u00fctzt Sie bei der Durchf\u00fchrung Ihrer Gesch\u00e4ftsvorhaben","og_url":"https:\/\/www.ewa.lu\/de\/","og_site_name":"ewa","article_publisher":"https:\/\/www.facebook.com\/EWA-Fiduciaire-SA-108851964673834","article_modified_time":"2026-01-13T09:51:06+00:00","og_image":[{"width":1200,"height":630,"url":"https:\/\/www.ewa.lu\/wp-content\/uploads\/2025\/09\/OGT_accueil_1200x630.jpg","type":"image\/jpeg"}],"twitter_card":"summary_large_image","twitter_title":"Willkommen","twitter_description":"EWA hei\u00dft Sie willkommen und unterst\u00fctzt Sie bei der Durchf\u00fchrung Ihrer Gesch\u00e4ftsvorhaben","twitter_image":"https:\/\/www.ewa.lu\/wp-content\/uploads\/2025\/09\/OGT_accueil_1200x630.jpg","schema":{"@context":"https:\/\/schema.org","@graph":[{"@type":"WebPage","@id":"https:\/\/www.ewa.lu\/de\/","url":"https:\/\/www.ewa.lu\/de\/","name":"Startseite - ewa","isPartOf":{"@id":"https:\/\/www.ewa.lu\/#website"},"datePublished":"2021-06-07T12:27:17+00:00","dateModified":"2026-01-13T09:51:06+00:00","description":"EWA geh\u00f6rt zu den gr\u00f6\u00dften Steuer- und Wirtschaftsberatern im Norden: seit 20 Jahren Expertise in Buchhaltung, Steuerberatung, Personalwesen und Projekten.","breadcrumb":{"@id":"https:\/\/www.ewa.lu\/de\/#breadcrumb"},"inLanguage":"de","potentialAction":[{"@type":"ReadAction","target":["https:\/\/www.ewa.lu\/de\/"]}]},{"@type":"BreadcrumbList","@id":"https:\/\/www.ewa.lu\/de\/#breadcrumb","itemListElement":[{"@type":"ListItem","position":1,"name":"Home","item":"https:\/\/www.ewa.lu\/de\/"},{"@type":"ListItem","position":2,"name":"Startseite"}]},{"@type":"WebSite","@id":"https:\/\/www.ewa.lu\/#website","url":"https:\/\/www.ewa.lu\/","name":"ewa","description":"\u00c4r Br\u00e9ck fir d\u2019Zukunft!","publisher":{"@id":"https:\/\/www.ewa.lu\/#organization"},"alternateName":"Fiduciaire ewa","potentialAction":[{"@type":"SearchAction","target":{"@type":"EntryPoint","urlTemplate":"https:\/\/www.ewa.lu\/?s={search_term_string}"},"query-input":"required name=search_term_string"}],"inLanguage":"de"},{"@type":"Organization","@id":"https:\/\/www.ewa.lu\/#organization","name":"ewa","alternateName":"Fiduciaire EWA","url":"https:\/\/www.ewa.lu\/","logo":{"@type":"ImageObject","inLanguage":"de","@id":"https:\/\/www.ewa.lu\/#\/schema\/logo\/image\/","url":"https:\/\/www.ewa.lu\/wp-content\/uploads\/2022\/11\/EWA-Logo.jpg","contentUrl":"https:\/\/www.ewa.lu\/wp-content\/uploads\/2022\/11\/EWA-Logo.jpg","width":756,"height":756,"caption":"ewa"},"image":{"@id":"https:\/\/www.ewa.lu\/#\/schema\/logo\/image\/"},"sameAs":["https:\/\/www.facebook.com\/EWA-Fiduciaire-SA-108851964673834","https:\/\/www.instagram.com\/ewa_ettelbreck_diekirch\/"]}]}},"_links":{"self":[{"href":"https:\/\/www.ewa.lu\/de\/wp-json\/wp\/v2\/pages\/722"}],"collection":[{"href":"https:\/\/www.ewa.lu\/de\/wp-json\/wp\/v2\/pages"}],"about":[{"href":"https:\/\/www.ewa.lu\/de\/wp-json\/wp\/v2\/types\/page"}],"author":[{"embeddable":true,"href":"https:\/\/www.ewa.lu\/de\/wp-json\/wp\/v2\/users\/1"}],"replies":[{"embeddable":true,"href":"https:\/\/www.ewa.lu\/de\/wp-json\/wp\/v2\/comments?post=722"}],"version-history":[{"count":31,"href":"https:\/\/www.ewa.lu\/de\/wp-json\/wp\/v2\/pages\/722\/revisions"}],"predecessor-version":[{"id":7457,"href":"https:\/\/www.ewa.lu\/de\/wp-json\/wp\/v2\/pages\/722\/revisions\/7457"}],"wp:attachment":[{"href":"https:\/\/www.ewa.lu\/de\/wp-json\/wp\/v2\/media?parent=722"}],"curies":[{"name":"wp","href":"https:\/\/api.w.org\/{rel}","templated":true}]}}