{"id":696,"date":"2022-04-07T07:28:43","date_gmt":"2022-04-07T07:28:43","guid":{"rendered":"https:\/\/www.ewa.lu\/jobs\/"},"modified":"2024-06-17T08:07:20","modified_gmt":"2024-06-17T08:07:20","slug":"jobs","status":"publish","type":"page","link":"https:\/\/www.ewa.lu\/lu\/jobs\/","title":{"rendered":"Jobs"},"content":{"rendered":"<h2>G\u00ebff en Deel vun enger grousser Famill!<\/h2>\n<p>Mir sinn st\u00e4nneg op der Sich no kompetenten an dynameschen\u00a0Mataarbechter fir eis verschidden Servicer.<\/p>\n<p>Mir bidden\u00a0ofwiesslungsr\u00e4ich\u00a0Aarbecht bei fairer Entlounung an enger motiv\u00e9ierter Equipe an an engem famili\u00e4ren \u00cbmfeld.<\/p>\n<p>Dir sicht eng nei\u00a0Erausfuerderung an\/oder sidd\u00a0drun interess\u00e9iert, Deel vun onser Famill am Ber\u00e4ich Rechnungswiesen a Personalmanagement ze ginn, dann z\u00f6gert net eis \u00c4r Bewerbung (Liewenslaf a Motivatiounsbr\u00e9if) iwwert de Formular \u00ebnnen zouzesenden.<\/p>\n<p>&nbsp;<\/p>\n","protected":false},"excerpt":{"rendered":"<p>G\u00ebff en Deel vun enger grousser Famill! Mir sinn st\u00e4nneg op der Sich no kompetenten an dynameschen\u00a0Mataarbechter fir eis verschidden Servicer. Mir bidden\u00a0ofwiesslungsr\u00e4ich\u00a0Aarbecht bei fairer Entlounung an enger motiv\u00e9ierter Equipe an an engem famili\u00e4ren \u00cbmfeld. Dir sicht eng nei\u00a0Erausfuerderung an\/oder sidd\u00a0drun interess\u00e9iert, Deel vun onser Famill am Ber\u00e4ich Rechnungswiesen a Personalmanagement ze ginn, dann z\u00f6gert [&hellip;]<\/p>\n","protected":false},"author":1,"featured_media":0,"parent":0,"menu_order":44,"comment_status":"closed","ping_status":"closed","template":"page-jobs.php","meta":{"_acf_changed":false,"footnotes":""},"acf":[],"yoast_head":"<!-- This site is optimized with the Yoast SEO plugin v22.7 - https:\/\/yoast.com\/wordpress\/plugins\/seo\/ -->\n<title>Jobs - ewa<\/title>\n<meta name=\"robots\" content=\"index, follow, max-snippet:-1, max-image-preview:large, max-video-preview:-1\" \/>\n<link rel=\"canonical\" href=\"https:\/\/www.ewa.lu\/lu\/jobs\/\" \/>\n<meta property=\"og:locale\" content=\"en_US\" \/>\n<meta property=\"og:type\" content=\"article\" \/>\n<meta property=\"og:title\" content=\"Jobs - ewa\" \/>\n<meta property=\"og:description\" content=\"G\u00ebff en Deel vun enger grousser Famill! Mir sinn st\u00e4nneg op der Sich no kompetenten an dynameschen\u00a0Mataarbechter fir eis verschidden Servicer. Mir bidden\u00a0ofwiesslungsr\u00e4ich\u00a0Aarbecht bei fairer Entlounung an enger motiv\u00e9ierter Equipe an an engem famili\u00e4ren \u00cbmfeld. Dir sicht eng nei\u00a0Erausfuerderung an\/oder sidd\u00a0drun interess\u00e9iert, Deel vun onser Famill am Ber\u00e4ich Rechnungswiesen a Personalmanagement ze ginn, dann z\u00f6gert [&hellip;]\" \/>\n<meta property=\"og:url\" content=\"https:\/\/www.ewa.lu\/lu\/jobs\/\" \/>\n<meta property=\"og:site_name\" content=\"ewa\" \/>\n<meta property=\"article:publisher\" content=\"https:\/\/www.facebook.com\/EWA-Fiduciaire-SA-108851964673834\" \/>\n<meta property=\"article:modified_time\" content=\"2024-06-17T08:07:20+00:00\" \/>\n<meta name=\"twitter:card\" content=\"summary_large_image\" \/>\n<meta name=\"twitter:label1\" content=\"Est. reading time\" \/>\n\t<meta name=\"twitter:data1\" content=\"1 minute\" \/>\n<script type=\"application\/ld+json\" class=\"yoast-schema-graph\">{\"@context\":\"https:\/\/schema.org\",\"@graph\":[{\"@type\":\"WebPage\",\"@id\":\"https:\/\/www.ewa.lu\/lu\/jobs\/\",\"url\":\"https:\/\/www.ewa.lu\/lu\/jobs\/\",\"name\":\"Jobs - ewa\",\"isPartOf\":{\"@id\":\"https:\/\/www.ewa.lu\/#website\"},\"datePublished\":\"2022-04-07T07:28:43+00:00\",\"dateModified\":\"2024-06-17T08:07:20+00:00\",\"breadcrumb\":{\"@id\":\"https:\/\/www.ewa.lu\/lu\/jobs\/#breadcrumb\"},\"inLanguage\":\"LB-lu\",\"potentialAction\":[{\"@type\":\"ReadAction\",\"target\":[\"https:\/\/www.ewa.lu\/lu\/jobs\/\"]}]},{\"@type\":\"BreadcrumbList\",\"@id\":\"https:\/\/www.ewa.lu\/lu\/jobs\/#breadcrumb\",\"itemListElement\":[{\"@type\":\"ListItem\",\"position\":1,\"name\":\"Home\",\"item\":\"https:\/\/www.ewa.lu\/lu\/\"},{\"@type\":\"ListItem\",\"position\":2,\"name\":\"Jobs\"}]},{\"@type\":\"WebSite\",\"@id\":\"https:\/\/www.ewa.lu\/#website\",\"url\":\"https:\/\/www.ewa.lu\/\",\"name\":\"ewa\",\"description\":\"\u00c4r Br\u00e9ck fir d\u2019Zukunft!\",\"publisher\":{\"@id\":\"https:\/\/www.ewa.lu\/#organization\"},\"alternateName\":\"Fiduciaire ewa\",\"potentialAction\":[{\"@type\":\"SearchAction\",\"target\":{\"@type\":\"EntryPoint\",\"urlTemplate\":\"https:\/\/www.ewa.lu\/?s={search_term_string}\"},\"query-input\":\"required name=search_term_string\"}],\"inLanguage\":\"LB-lu\"},{\"@type\":\"Organization\",\"@id\":\"https:\/\/www.ewa.lu\/#organization\",\"name\":\"ewa\",\"alternateName\":\"Fiduciaire EWA\",\"url\":\"https:\/\/www.ewa.lu\/\",\"logo\":{\"@type\":\"ImageObject\",\"inLanguage\":\"LB-lu\",\"@id\":\"https:\/\/www.ewa.lu\/#\/schema\/logo\/image\/\",\"url\":\"https:\/\/www.ewa.lu\/wp-content\/uploads\/2022\/11\/EWA-Logo.jpg\",\"contentUrl\":\"https:\/\/www.ewa.lu\/wp-content\/uploads\/2022\/11\/EWA-Logo.jpg\",\"width\":756,\"height\":756,\"caption\":\"ewa\"},\"image\":{\"@id\":\"https:\/\/www.ewa.lu\/#\/schema\/logo\/image\/\"},\"sameAs\":[\"https:\/\/www.facebook.com\/EWA-Fiduciaire-SA-108851964673834\",\"https:\/\/www.instagram.com\/ewa_ettelbreck_diekirch\/\"]}]}<\/script>\n<!-- \/ Yoast SEO plugin. -->","yoast_head_json":{"title":"Jobs - ewa","robots":{"index":"index","follow":"follow","max-snippet":"max-snippet:-1","max-image-preview":"max-image-preview:large","max-video-preview":"max-video-preview:-1"},"canonical":"https:\/\/www.ewa.lu\/lu\/jobs\/","og_locale":"en_US","og_type":"article","og_title":"Jobs - ewa","og_description":"G\u00ebff en Deel vun enger grousser Famill! Mir sinn st\u00e4nneg op der Sich no kompetenten an dynameschen\u00a0Mataarbechter fir eis verschidden Servicer. Mir bidden\u00a0ofwiesslungsr\u00e4ich\u00a0Aarbecht bei fairer Entlounung an enger motiv\u00e9ierter Equipe an an engem famili\u00e4ren \u00cbmfeld. Dir sicht eng nei\u00a0Erausfuerderung an\/oder sidd\u00a0drun interess\u00e9iert, Deel vun onser Famill am Ber\u00e4ich Rechnungswiesen a Personalmanagement ze ginn, dann z\u00f6gert [&hellip;]","og_url":"https:\/\/www.ewa.lu\/lu\/jobs\/","og_site_name":"ewa","article_publisher":"https:\/\/www.facebook.com\/EWA-Fiduciaire-SA-108851964673834","article_modified_time":"2024-06-17T08:07:20+00:00","twitter_card":"summary_large_image","twitter_misc":{"Est. reading time":"1 minute"},"schema":{"@context":"https:\/\/schema.org","@graph":[{"@type":"WebPage","@id":"https:\/\/www.ewa.lu\/lu\/jobs\/","url":"https:\/\/www.ewa.lu\/lu\/jobs\/","name":"Jobs - ewa","isPartOf":{"@id":"https:\/\/www.ewa.lu\/#website"},"datePublished":"2022-04-07T07:28:43+00:00","dateModified":"2024-06-17T08:07:20+00:00","breadcrumb":{"@id":"https:\/\/www.ewa.lu\/lu\/jobs\/#breadcrumb"},"inLanguage":"LB-lu","potentialAction":[{"@type":"ReadAction","target":["https:\/\/www.ewa.lu\/lu\/jobs\/"]}]},{"@type":"BreadcrumbList","@id":"https:\/\/www.ewa.lu\/lu\/jobs\/#breadcrumb","itemListElement":[{"@type":"ListItem","position":1,"name":"Home","item":"https:\/\/www.ewa.lu\/lu\/"},{"@type":"ListItem","position":2,"name":"Jobs"}]},{"@type":"WebSite","@id":"https:\/\/www.ewa.lu\/#website","url":"https:\/\/www.ewa.lu\/","name":"ewa","description":"\u00c4r Br\u00e9ck fir d\u2019Zukunft!","publisher":{"@id":"https:\/\/www.ewa.lu\/#organization"},"alternateName":"Fiduciaire ewa","potentialAction":[{"@type":"SearchAction","target":{"@type":"EntryPoint","urlTemplate":"https:\/\/www.ewa.lu\/?s={search_term_string}"},"query-input":"required name=search_term_string"}],"inLanguage":"LB-lu"},{"@type":"Organization","@id":"https:\/\/www.ewa.lu\/#organization","name":"ewa","alternateName":"Fiduciaire EWA","url":"https:\/\/www.ewa.lu\/","logo":{"@type":"ImageObject","inLanguage":"LB-lu","@id":"https:\/\/www.ewa.lu\/#\/schema\/logo\/image\/","url":"https:\/\/www.ewa.lu\/wp-content\/uploads\/2022\/11\/EWA-Logo.jpg","contentUrl":"https:\/\/www.ewa.lu\/wp-content\/uploads\/2022\/11\/EWA-Logo.jpg","width":756,"height":756,"caption":"ewa"},"image":{"@id":"https:\/\/www.ewa.lu\/#\/schema\/logo\/image\/"},"sameAs":["https:\/\/www.facebook.com\/EWA-Fiduciaire-SA-108851964673834","https:\/\/www.instagram.com\/ewa_ettelbreck_diekirch\/"]}]}},"_links":{"self":[{"href":"https:\/\/www.ewa.lu\/lu\/wp-json\/wp\/v2\/pages\/696"}],"collection":[{"href":"https:\/\/www.ewa.lu\/lu\/wp-json\/wp\/v2\/pages"}],"about":[{"href":"https:\/\/www.ewa.lu\/lu\/wp-json\/wp\/v2\/types\/page"}],"author":[{"embeddable":true,"href":"https:\/\/www.ewa.lu\/lu\/wp-json\/wp\/v2\/users\/1"}],"replies":[{"embeddable":true,"href":"https:\/\/www.ewa.lu\/lu\/wp-json\/wp\/v2\/comments?post=696"}],"version-history":[{"count":14,"href":"https:\/\/www.ewa.lu\/lu\/wp-json\/wp\/v2\/pages\/696\/revisions"}],"predecessor-version":[{"id":5167,"href":"https:\/\/www.ewa.lu\/lu\/wp-json\/wp\/v2\/pages\/696\/revisions\/5167"}],"wp:attachment":[{"href":"https:\/\/www.ewa.lu\/lu\/wp-json\/wp\/v2\/media?parent=696"}],"curies":[{"name":"wp","href":"https:\/\/api.w.org\/{rel}","templated":true}]}}